{"id":8,"date":"2026-02-19T17:03:52","date_gmt":"2026-02-19T17:03:52","guid":{"rendered":"https:\/\/laurace.it\/?page_id=8"},"modified":"2026-02-19T22:06:30","modified_gmt":"2026-02-19T22:06:30","slug":"home","status":"publish","type":"page","link":"https:\/\/laurace.it\/","title":{"rendered":"I nuovi saponi Laurac\u00e8"},"content":{"rendered":"\n<div class=\"wp-block-columns is-not-stacked-on-mobile has-background is-layout-flex wp-container-core-columns-is-layout-ed5226f6 wp-block-columns-is-layout-flex\" style=\"border-style:none;border-width:0px;background-color:#ece5e5;padding-right:0;padding-left:0\">\n<div class=\"wp-block-column is-layout-flow wp-block-column-is-layout-flow\" style=\"flex-basis:50%\"><div class=\"wp-block-image is-style-rounded\">\n<figure class=\"aligncenter size-full is-resized\"><img loading=\"lazy\" decoding=\"async\" width=\"770\" height=\"832\" src=\"https:\/\/laurace.it\/wp-content\/uploads\/2026\/02\/saponi-in-pila.png\" alt=\"\" class=\"wp-image-41\" style=\"width:auto;height:450px\" srcset=\"https:\/\/laurace.it\/wp-content\/uploads\/2026\/02\/saponi-in-pila.png 770w, https:\/\/laurace.it\/wp-content\/uploads\/2026\/02\/saponi-in-pila-278x300.png 278w, https:\/\/laurace.it\/wp-content\/uploads\/2026\/02\/saponi-in-pila-768x830.png 768w\" sizes=\"auto, (max-width: 770px) 100vw, 770px\" \/><\/figure>\n<\/div><\/div>\n\n\n\n<div class=\"wp-block-column is-vertically-aligned-center is-layout-flow wp-block-column-is-layout-flow\" style=\"padding-right:var(--wp--preset--spacing--60);flex-basis:50%\">\n<h2 class=\"wp-block-heading has-text-color has-link-color wp-elements-0e8a610cf3d69c620153d5f49696fb7c\" style=\"color:#611414\">I nuovi saponi Laurac\u00e8<\/h2>\n\n\n\n<h3 class=\"wp-block-heading\">Un gesto quotidiano, un atto di cura verso te e l\u2019ambiente.<\/h3>\n\n\n\n<p>La cura di s\u00e9 pu\u00f2 essere semplice, profumata e sostenibile.<\/p>\n\n\n\n<p><br>I nuovi <strong>saponi solidi Laurac\u00e8<\/strong> nascono per trasformare la tua routine quotidiana in un momento di benessere naturale: formule delicate, profumazioni ispirate alla natura, packaging senza plastica.<br>Un modo diverso di prendersi cura di s\u00e9 \u2014 pi\u00f9 consapevole, pi\u00f9 leggero, pi\u00f9 tuo.<\/p>\n\n\n\n<p><\/p>\n\n\n\n<div class=\"wp-block-buttons is-content-justification-left is-layout-flex wp-container-core-buttons-is-layout-fdcfc74e wp-block-buttons-is-layout-flex\">\n<div class=\"wp-block-button\"><a class=\"wp-block-button__link wp-element-button\">Scopri i saponi<\/a><\/div>\n<\/div>\n<\/div>\n<\/div>\n\n\n\n<div class=\"wp-block-columns are-vertically-aligned-center is-layout-flex wp-container-core-columns-is-layout-9d6595d7 wp-block-columns-is-layout-flex\" style=\"border-style:none;border-width:0px\">\n<div class=\"wp-block-column is-vertically-aligned-center is-layout-flow wp-block-column-is-layout-flow\" style=\"padding-left:var(--wp--preset--spacing--40);flex-basis:50%\">\n<h2 class=\"wp-block-heading has-text-color has-link-color wp-elements-756297b9323dcf24ecbc9e4ab265906b\" style=\"color:#611414\">Saponi per ogni tuo gusto, per ogni tuo momento.<\/h2>\n\n\n\n<h3 class=\"wp-block-heading\">Ogni profumo racconta un modo diverso di stare bene.<\/h3>\n\n\n\n<p><strong>Scegli la fragranza<\/strong> che accompagna il tuo momento \u2014 tra note fresche, dolci, floreali o speziate, ce n\u2019\u00e8 <strong>una per ogni giorno e per ogni stato d\u2019animo<\/strong>.<br><\/p>\n\n\n\n<ul class=\"wp-block-list\">\n<li><strong>Melissa<\/strong>: fresca e rinvigorente, ideale per un risveglio energico.<\/li>\n\n\n\n<li><strong>Sandalo<\/strong>: intenso e avvolgente, perfetto per ritrovare equilibrio.<\/li>\n\n\n\n<li><strong>Violetta<\/strong>: delicata e floreale, un abbraccio morbido sulla pelle.<\/li>\n\n\n\n<li><strong>Mirra<\/strong>: calda e rassicurante, per chi ama le note profonde.<\/li>\n\n\n\n<li><strong>Talco<\/strong>: pulito e soffice, come la sensazione di casa.<\/li>\n\n\n\n<li><strong>Vaniglia<\/strong>: dolce e confortevole, un tocco di coccola quotidiana.<\/li>\n\n\n\n<li><strong>Bergamotto<\/strong>: agrumato e brillante, per chi ama sentirsi leggero.<\/li>\n\n\n\n<li><strong>Arancia &amp; Cannella<\/strong>: speziata e avvolgente, perfetta per i momenti di relax.<\/li>\n\n\n\n<li><strong>Lavanda<\/strong>: distensiva e naturale, l\u2019alleata dei rituali serali.<\/li>\n<\/ul>\n\n\n\n<div class=\"wp-block-buttons is-content-justification-left is-layout-flex wp-container-core-buttons-is-layout-fdcfc74e wp-block-buttons-is-layout-flex\">\n<div class=\"wp-block-button\"><a class=\"wp-block-button__link wp-element-button\">Ricevi il tuo sconto<\/a><\/div>\n<\/div>\n<\/div>\n\n\n\n<div class=\"wp-block-column is-vertically-aligned-center is-layout-flow wp-block-column-is-layout-flow\" style=\"flex-basis:50%\"><div class=\"wp-block-image is-style-rounded\">\n<figure class=\"aligncenter size-full is-resized\"><img loading=\"lazy\" decoding=\"async\" width=\"1024\" height=\"576\" src=\"https:\/\/laurace.it\/wp-content\/uploads\/2026\/02\/saponi-tipi.png\" alt=\"\" class=\"wp-image-45\" style=\"object-fit:cover;width:600px;height:400px\" srcset=\"https:\/\/laurace.it\/wp-content\/uploads\/2026\/02\/saponi-tipi.png 1024w, https:\/\/laurace.it\/wp-content\/uploads\/2026\/02\/saponi-tipi-300x169.png 300w, https:\/\/laurace.it\/wp-content\/uploads\/2026\/02\/saponi-tipi-768x432.png 768w\" sizes=\"auto, (max-width: 1024px) 100vw, 1024px\" \/><\/figure>\n<\/div><\/div>\n<\/div>\n\n\n\n<div class=\"wp-block-group alignfull has-background\" style=\"background-color:#f9f5f5;padding-top:var(--wp--preset--spacing--80);padding-bottom:var(--wp--preset--spacing--80)\"><div class=\"wp-block-group__inner-container is-layout-constrained wp-container-core-group-is-layout-4fcc7fff wp-block-group-is-layout-constrained\">\n<h2 class=\"wp-block-heading has-text-align-center\" style=\"font-size:clamp(2.4rem,6vw,4rem)\">Perch\u00e9 scegliere i saponi Laurac\u00e8?<\/h2>\n\n\n\n<div class=\"wp-block-columns alignwide is-layout-flex wp-container-core-columns-is-layout-9d6595d7 wp-block-columns-is-layout-flex\">\n<div class=\"wp-block-column is-layout-flow wp-block-column-is-layout-flow\"><\/div>\n\n\n\n<div class=\"wp-block-column is-layout-flow wp-block-column-is-layout-flow\"><\/div>\n\n\n\n<div class=\"wp-block-column is-layout-flow wp-block-column-is-layout-flow\"><\/div>\n<\/div>\n\n\n\n<div class=\"wp-block-columns is-layout-flex wp-container-core-columns-is-layout-9d6595d7 wp-block-columns-is-layout-flex\">\n<div class=\"wp-block-column is-layout-flow wp-block-column-is-layout-flow\">\n<div class=\"safelayout-ei-icon-box-block\" style=\"--sl-ei-box-back-shadow-color:0px 2px 5px #000;min-width:50px\"><div class=\"wp-block-safelayout-safelayout-icon-box sl-ei-icon-box-block-top\">\n<div class=\"sl-ei-container-block sl-ei-container-block-no-effect sl-ei-container-block-main\">\n<div class=\"wp-block-safelayout-safelayout-icon safelayout-ei-icon-block\" style=\"text-align:center\"><div style=\"height:70px;width:70px\"><svg viewBox=\"0 0 96 96\" xmlns=\"http:\/\/www.w3.org\/2000\/svg\" aria-hidden=\"true\"><defs><radialGradient id=\"fillGradBase57e95d94-d40c-4297-834a-32a2dc6151720\" cx=\"0.5\" cy=\"0.5\" r=\"0.68\" fx=\"0.5\" fy=\"0.5\"><stop stop-color=\"rgba(0,0,0,0.9)\" offset=\"0\"><\/stop><stop stop-color=\"rgba(0,0,0,0.2)\" offset=\"0.45\"><\/stop><stop stop-color=\"rgba(0,0,0,0)\" offset=\"0.64\"><\/stop><stop stop-color=\"rgba(0,0,0,0)\" offset=\"1\"><\/stop><\/radialGradient><\/defs><ellipse cx=\"48\" cy=\"96\" rx=\"35\" ry=\"6\" fill=\"url(#fillGradBase57e95d94-d40c-4297-834a-32a2dc6151720)\"><\/ellipse><\/svg><svg viewBox=\"0 0 96 96\" xmlns=\"http:\/\/www.w3.org\/2000\/svg\" style=\"height:100%;width:100%;filter:drop-shadow(0px 1px 1px #000)\" aria-hidden=\"true\"><defs><\/defs><symbol viewBox=\"0 0 24 24\" id=\"path57e95d94-d40c-4297-834a-32a2dc615172\"><path vector-effect=\"non-scaling-stroke\" fill=\"rgb(153, 76, 0)\" stroke=\"rgb(204, 102, 0)\" stroke-width=\"0\" d=\"M3.64 15.72C3.164 14.662 2.892 13.512 2.846 12.318 2.753 9.878 3.615 7.549 5.274 5.758 6.933 3.967 9.19 2.929 11.629 2.836 13.978 2.746 16.226 3.543 17.988 5.084L15.792 5.168C15.599 5.175 15.449 5.338 15.456 5.531 15.463 5.72 15.618 5.867 15.805 5.867H15.819L18.843 5.751C18.847 5.751 18.85 5.752 18.854 5.752H18.868C19.061 5.745 19.211 5.582 19.204 5.389L19.088 2.353C19.081 2.16 18.916 2.01 18.725 2.017 18.532 2.024 18.382 2.187 18.389 2.38L18.473 4.578C16.571 2.905 14.142 2.04 11.603 2.137 8.976 2.237 6.546 3.355 4.76 5.283 2.974 7.211 2.046 9.719 2.147 12.345 2.196 13.631 2.49 14.868 3.002 16.007 3.012 16.046 3.029 16.083 3.051 16.116V16.117 16.117C3.115 16.211 3.222 16.272 3.344 16.272 3.54 16.272 3.699 16.113 3.699 15.917 3.699 15.844 3.677 15.776 3.639 15.719Z\"><\/path><path vector-effect=\"non-scaling-stroke\" fill=\"#c59e7a\" stroke=\"rgb(204, 102, 0)\" stroke-width=\"0\" d=\"M20.998 7.995C20.99 7.968 20.978 7.942 20.964 7.918 20.963 7.915 20.962 7.913 20.96 7.91L20.959 7.911C20.896 7.811 20.786 7.745 20.659 7.745 20.463 7.745 20.304 7.904 20.304 8.1 20.304 8.178 20.329 8.25 20.372 8.308 21.813 11.549 21.29 15.481 18.731 18.243 17.072 20.034 14.815 21.072 12.375 21.165 10.026 21.255 7.778 20.458 6.016 18.918L8.212 18.834C8.405 18.827 8.555 18.664 8.548 18.471 8.541 18.278 8.377 18.129 8.185 18.135L5.159 18.251C5.152 18.251 5.145 18.25 5.137 18.251 4.944 18.258 4.794 18.421 4.801 18.614L4.917 21.65C4.924 21.839 5.079 21.986 5.266 21.986H5.28C5.473 21.979 5.623 21.816 5.616 21.623L5.532 19.425C7.337 21.012 9.617 21.872 12.016 21.872 12.144 21.872 12.273 21.869 12.402 21.865 15.028 21.764 17.458 20.647 19.244 18.719 22.007 15.736 22.565 11.488 20.998 7.995Z\"><\/path><\/symbol><use href=\"#path57e95d94-d40c-4297-834a-32a2dc615172\"><\/use><\/svg><\/div><\/div>\n\n\n\n<div class=\"sl-ei-container-block sl-ei-container-block-no-effect-content\">\n<h2 class=\"wp-block-heading has-text-align-center\">Sostenibilit\u00e0<\/h2>\n\n\n\n<p class=\"has-text-align-center\">Confezioni in carta riciclabile e formule biodegradabili: una scelta gentile per la tua pelle e per l\u2019ambiente.<\/p>\n<\/div>\n<\/div>\n<\/div><\/div>\n<\/div>\n\n\n\n<div class=\"wp-block-column is-layout-flow wp-block-column-is-layout-flow\">\n<div class=\"safelayout-ei-icon-box-block\" style=\"--sl-ei-box-back-shadow-color:0px 2px 5px #000;min-width:50px\"><div class=\"wp-block-safelayout-safelayout-icon-box sl-ei-icon-box-block-top\">\n<div class=\"sl-ei-container-block sl-ei-container-block-no-effect sl-ei-container-block-main\">\n<div class=\"wp-block-safelayout-safelayout-icon safelayout-ei-icon-block\" style=\"text-align:center\"><div style=\"height:70px;width:70px\"><svg viewBox=\"0 0 96 96\" xmlns=\"http:\/\/www.w3.org\/2000\/svg\" aria-hidden=\"true\"><defs><radialGradient id=\"fillGradBased69f74c9-b45a-4746-94e7-652ee2eda8560\" cx=\"0.5\" cy=\"0.5\" r=\"0.68\" fx=\"0.5\" fy=\"0.5\"><stop stop-color=\"rgba(0,0,0,0.9)\" offset=\"0\"><\/stop><stop stop-color=\"rgba(0,0,0,0.2)\" offset=\"0.45\"><\/stop><stop stop-color=\"rgba(0,0,0,0)\" offset=\"0.64\"><\/stop><stop stop-color=\"rgba(0,0,0,0)\" offset=\"1\"><\/stop><\/radialGradient><\/defs><ellipse cx=\"48\" cy=\"96\" rx=\"35\" ry=\"6\" fill=\"url(#fillGradBased69f74c9-b45a-4746-94e7-652ee2eda8560)\"><\/ellipse><\/svg><svg viewBox=\"0 0 96 96\" xmlns=\"http:\/\/www.w3.org\/2000\/svg\" style=\"height:100%;width:100%;filter:drop-shadow(0px 1px 1px #000)\" aria-hidden=\"true\"><defs><\/defs><symbol viewBox=\"0 0 24 24\" id=\"pathd69f74c9-b45a-4746-94e7-652ee2eda856\"><path vector-effect=\"non-scaling-stroke\" fill=\"#c59e7a\" stroke=\"rgb(204, 102, 0)\" stroke-width=\"0\" d=\"M12.341 18.208 12.098 20.848H11.809L11.566 18.208 11.954 17.892ZM10.864 18.35 11.096 20.866 10.162 18.75ZM13.041 18.361 13.725 18.75 12.816 20.809ZM14.014 18.095 12.669 17.33 13.604 16.812V16.513C13.946 16.583 14.276 16.674 14.592 16.785ZM12.893 15.784V16.394L11.998 16.89 11.107 16.395V15.785L10.394 15.79C7.136 16.399 4.803 18.789 4.803 21.568V21.924H6.85V21.213H5.53C5.676 19.486 6.875 17.963 8.655 17.1L10.471 21.213H8.714V19.114 19.097C8.714 18.91 8.555 18.758 8.358 18.758 8.162 18.758 8.002 18.91 8.002 19.097V19.114 21.213 21.434 21.569 21.925H19.196V21.569C19.196 18.788 16.863 16.398 13.605 15.789ZM10.395 16.514V16.812L11.272 17.299 9.872 18.095 9.31 16.821C9.656 16.695 10.018 16.591 10.395 16.514ZM15.884 21.212V19.096C15.884 18.909 15.725 18.757 15.528 18.757 15.331 18.757 15.172 18.909 15.172 19.096V21.212H13.415L15.251 17.054C17.083 17.908 18.321 19.454 18.469 21.212Z\"><\/path><path vector-effect=\"non-scaling-stroke\" fill=\"#994c00\" stroke=\"rgb(204, 102, 0)\" stroke-width=\"0\" d=\"M11.848 11.685H12.442C12.554 11.685 12.645 11.594 12.645 11.482 12.645 11.37 12.554 11.279 12.442 11.279H12.051V10.328C12.051 10.216 11.96 10.125 11.848 10.125 11.736 10.125 11.645 10.216 11.645 10.328V11.482C11.645 11.594 11.736 11.685 11.848 11.685ZM13.368 12.851C13.459 12.785 13.479 12.658 13.413 12.567 13.347 12.476 13.22 12.456 13.129 12.522 11.999 13.342 10.907 12.558 10.86 12.523 10.77 12.456 10.643 12.475 10.576 12.565 10.509 12.655 10.528 12.782 10.618 12.849 10.627 12.856 11.232 13.296 12.041 13.296 12.449 13.296 12.908 13.185 13.368 12.851ZM10.022 9.437C9.782 9.437 9.587 9.706 9.587 10.039 9.587 10.371 9.782 10.641 10.022 10.641 10.262 10.641 10.457 10.371 10.457 10.039 10.457 9.706 10.263 9.437 10.022 9.437ZM10.75 9.258C10.84 9.324 10.967 9.306 11.034 9.216 11.101 9.126 11.082 8.999 10.992 8.932 10.661 8.686 9.83 8.368 9.055 8.93 8.964 8.996 8.944 9.123 9.01 9.214 9.05 9.269 9.112 9.298 9.175 9.298 9.216 9.298 9.258 9.285 9.294 9.259 10.018 8.734 10.72 9.236 10.75 9.258ZM13.737 9.437C13.497 9.437 13.302 9.706 13.302 10.039 13.302 10.371 13.497 10.641 13.737 10.641 13.977 10.641 14.172 10.371 14.172 10.039 14.172 9.706 13.977 9.437 13.737 9.437ZM13.01 9.258C13.04 9.236 13.742 8.734 14.467 9.259 14.503 9.285 14.545 9.298 14.586 9.298 14.649 9.298 14.711 9.269 14.751 9.214 14.817 9.123 14.797 8.996 14.706 8.93 13.93 8.368 13.1 8.685 12.769 8.932 12.679 8.999 12.661 9.125 12.727 9.216 12.792 9.305 12.919 9.324 13.01 9.258ZM16.876 9.829C16.876 10.06 16.732 10.258 16.529 10.338V9.437 9.32C16.732 9.4 16.876 9.598 16.876 9.829ZM7.668 5.932C8.035 4.111 9.764 2.788 11.779 2.788 12.091 2.788 12.406 2.82 12.715 2.882 13.858 3.112 14.848 3.739 15.504 4.645 16.153 5.543 16.396 6.61 16.186 7.649 16.159 7.782 16.125 7.914 16.083 8.044 15.253 7.615 14.123 7.142 12.932 6.979 10.853 6.695 10.67 6.58 10.469 5.999L10.296 5.496 9.898 5.849C9.886 5.86 8.817 6.804 7.736 7.675 7.576 7.104 7.552 6.51 7.668 5.932ZM7.015 9.829C7.015 9.592 7.167 9.39 7.378 9.314V9.437 10.344C7.166 10.267 7.015 10.066 7.015 9.829ZM8.089 10.705V9.437 9.067 8.304C8.834 7.706 9.587 7.062 10.015 6.692 10.423 7.322 11.162 7.455 12.838 7.684 13.997 7.843 15.121 8.343 15.819 8.708V9.067 9.436 10.704C15.819 12.835 14.085 14.569 11.954 14.569 9.822 14.57 8.089 12.836 8.089 10.705ZM11.107 15.785V15.204C11.381 15.254 11.664 15.281 11.953 15.281 12.275 15.281 12.589 15.247 12.893 15.184V15.784L13.605 15.789V14.973C15.205 14.352 16.372 12.855 16.515 11.074 17.121 10.984 17.588 10.46 17.588 9.829 17.588 9.24 17.182 8.745 16.635 8.608 16.744 8.345 16.828 8.07 16.884 7.791 17.133 6.555 16.848 5.291 16.081 4.23 15.32 3.178 14.175 2.452 12.856 2.186 12.5 2.114 12.138 2.078 11.779 2.078 10.65 2.078 9.549 2.441 8.68 3.101 7.792 3.775 7.184 4.731 6.97 5.793 6.794 6.665 6.887 7.568 7.238 8.404L7.318 8.595C6.74 8.709 6.302 9.219 6.302 9.83 6.302 10.467 6.777 10.994 7.391 11.077 7.537 12.892 8.747 14.411 10.394 15.009V15.79Z\"><\/path><\/symbol><use href=\"#pathd69f74c9-b45a-4746-94e7-652ee2eda856\"><\/use><\/svg><\/div><\/div>\n\n\n\n<div class=\"sl-ei-container-block sl-ei-container-block-no-effect-content\">\n<h2 class=\"wp-block-heading has-text-align-center\">Artigianalit\u00e0<\/h2>\n\n\n\n<p class=\"has-text-align-center\">Realizzati in piccoli lotti, con ingredienti selezionati e profumazioni uniche: ogni saponetta ha la sua personalit\u00e0.<\/p>\n<\/div>\n<\/div>\n<\/div><\/div>\n<\/div>\n\n\n\n<div class=\"wp-block-column is-layout-flow wp-block-column-is-layout-flow\">\n<div class=\"safelayout-ei-icon-box-block\" style=\"--sl-ei-box-back-shadow-color:0px 2px 5px #000;min-width:50px\"><div class=\"wp-block-safelayout-safelayout-icon-box sl-ei-icon-box-block-top\">\n<div class=\"sl-ei-container-block sl-ei-container-block-no-effect sl-ei-container-block-main\">\n<div class=\"wp-block-safelayout-safelayout-icon safelayout-ei-icon-block\" style=\"text-align:center\"><div style=\"height:70px;width:70px\"><svg viewBox=\"0 0 96 96\" xmlns=\"http:\/\/www.w3.org\/2000\/svg\" aria-hidden=\"true\"><defs><radialGradient id=\"fillGradBaseb49e45e2-2ccd-40f8-9d94-b7f8d57a51770\" cx=\"0.5\" cy=\"0.5\" r=\"0.68\" fx=\"0.5\" fy=\"0.5\"><stop stop-color=\"rgba(0,0,0,0.9)\" offset=\"0\"><\/stop><stop stop-color=\"rgba(0,0,0,0.2)\" offset=\"0.45\"><\/stop><stop stop-color=\"rgba(0,0,0,0)\" offset=\"0.64\"><\/stop><stop stop-color=\"rgba(0,0,0,0)\" offset=\"1\"><\/stop><\/radialGradient><\/defs><ellipse cx=\"48\" cy=\"96\" rx=\"35\" ry=\"6\" fill=\"url(#fillGradBaseb49e45e2-2ccd-40f8-9d94-b7f8d57a51770)\"><\/ellipse><\/svg><svg viewBox=\"0 0 96 96\" xmlns=\"http:\/\/www.w3.org\/2000\/svg\" style=\"height:100%;width:100%;filter:drop-shadow(0px 1px 1px #000)\" aria-hidden=\"true\"><defs><\/defs><symbol viewBox=\"0 0 24 24\" id=\"pathb49e45e2-2ccd-40f8-9d94-b7f8d57a5177\"><path vector-effect=\"non-scaling-stroke\" fill=\"rgb(153, 76, 0)\" stroke=\"#c59e7a\" stroke-width=\"0\" d=\"M12 3 9 9l-6 .75 4.13 4.62L6 21l6-3 6 3-1.12-6.63L21 9.75 15 9zm0 2.24 2.34 4.69 4.65.58-3.18 3.56.87 5.15L12 16.88V5.24z\"><\/path><\/symbol><use href=\"#pathb49e45e2-2ccd-40f8-9d94-b7f8d57a5177\"><\/use><\/svg><\/div><\/div>\n\n\n\n<div class=\"sl-ei-container-block sl-ei-container-block-no-effect-content\">\n<h2 class=\"wp-block-heading has-text-align-center\">Versatilit\u00e0<\/h2>\n\n\n\n<p class=\"has-text-align-center\">Perfetti per mani, viso e corpo. E grazie alle loro profumazioni naturali, diventano anche un\u2019idea regalo semplice ma speciale.<\/p>\n<\/div>\n<\/div>\n<\/div><\/div>\n<\/div>\n<\/div>\n\n\n\n<div class=\"wp-block-buttons is-content-justification-center is-layout-flex wp-container-core-buttons-is-layout-3ed2e4ad wp-block-buttons-is-layout-flex\" style=\"margin-top:3rem\">\n<div class=\"wp-block-button\"><a class=\"wp-block-button__link wp-element-button\" href=\"#sconto\">Ricevi il tuo sconto<\/a><\/div>\n<\/div>\n<\/div><\/div>\n\n\n\n<div class=\"wp-block-columns are-vertically-aligned-center has-background is-layout-flex wp-container-core-columns-is-layout-b815d019 wp-block-columns-is-layout-flex\" style=\"background-color:#b99da2;padding-right:var(--wp--preset--spacing--80);padding-left:var(--wp--preset--spacing--80)\">\n<div class=\"wp-block-column is-vertically-aligned-center is-layout-flow wp-block-column-is-layout-flow\" style=\"flex-basis:55%\">\n<h2 class=\"wp-block-heading has-text-align-center\" style=\"font-size:clamp(2.5rem,6vw,4.2rem)\">Una sorpresa tutta per te<\/h2>\n\n\n\n<p class=\"has-text-align-center has-ast-global-color-6-color has-text-color has-link-color wp-elements-140d49bceb5a5aa2d9494b9546bbcb91\" style=\"font-size:1.5rem\"><strong>Iscriviti alla newsletter Laurac\u00e8<\/strong> e ricevi subito una sorpresa dedicata da utilizzare sul tuo prossimo acquisto.<\/p>\n\n\n\n<h2 class=\"wp-block-heading has-text-align-center has-ast-global-color-6-color has-text-color has-link-color wp-elements-0ee52e0ad04815a88fea19b7fed2de45\" style=\"font-size:2rem\">Cosa potresti ottenere:<\/h2>\n\n\n\n<ul style=\"margin-top:var(--wp--preset--spacing--60);margin-left:var(--wp--preset--spacing--60);font-size:26px\" class=\"wp-block-list is-style-no-bullets has-ast-global-color-6-color has-text-color has-link-color wp-elements-5eb531d635f5a1e41b26f160f5a7f354\">\n<li><strong>10% di sconto<\/strong> sul tuo prossimo acquisto<\/li>\n\n\n\n<li>Una <strong>coccola di sapone omaggio<\/strong><\/li>\n\n\n\n<li>Un <strong>pensiero esclusivo<\/strong><\/li>\n<\/ul>\n<\/div>\n\n\n\n<div class=\"wp-block-column is-vertically-aligned-center has-background is-layout-flow wp-block-column-is-layout-flow\" style=\"background-color:#ece5e5;padding-top:var(--wp--preset--spacing--40);padding-right:var(--wp--preset--spacing--70);padding-bottom:var(--wp--preset--spacing--40);padding-left:var(--wp--preset--spacing--70)\">\n<div class=\"wp-block-contact-form-7-contact-form-selector\">\n<div class=\"wpcf7 no-js\" id=\"wpcf7-f103-o1\" lang=\"it-IT\" dir=\"ltr\" data-wpcf7-id=\"103\">\n<div class=\"screen-reader-response\"><p role=\"status\" aria-live=\"polite\" aria-atomic=\"true\"><\/p> <ul><\/ul><\/div>\n<form action=\"\/index.php\/wp-json\/wp\/v2\/pages\/8#wpcf7-f103-o1\" method=\"post\" class=\"wpcf7-form init\" aria-label=\"Modulo di contatto\" novalidate=\"novalidate\" data-status=\"init\">\n<fieldset class=\"hidden-fields-container\"><input type=\"hidden\" name=\"_wpcf7\" value=\"103\" \/><input type=\"hidden\" name=\"_wpcf7_version\" value=\"6.1.5\" \/><input type=\"hidden\" name=\"_wpcf7_locale\" value=\"it_IT\" \/><input type=\"hidden\" name=\"_wpcf7_unit_tag\" value=\"wpcf7-f103-o1\" \/><input type=\"hidden\" name=\"_wpcf7_container_post\" value=\"0\" \/><input type=\"hidden\" name=\"_wpcf7_posted_data_hash\" value=\"\" \/>\n<\/fieldset>\n<p><label> Il tuo nome<br \/>\n<span class=\"wpcf7-form-control-wrap\" data-name=\"your-name\"><input size=\"40\" maxlength=\"400\" class=\"wpcf7-form-control wpcf7-text wpcf7-validates-as-required\" autocomplete=\"name\" aria-required=\"true\" aria-invalid=\"false\" value=\"\" type=\"text\" name=\"your-name\" \/><\/span> <\/label>\n<\/p>\n<p><label> La tua email<br \/>\n<span class=\"wpcf7-form-control-wrap\" data-name=\"your-email\"><input size=\"40\" maxlength=\"400\" class=\"wpcf7-form-control wpcf7-email wpcf7-validates-as-required wpcf7-text wpcf7-validates-as-email\" autocomplete=\"email\" aria-required=\"true\" aria-invalid=\"false\" value=\"\" type=\"email\" name=\"your-email\" \/><\/span> <\/label>\n<\/p>\n<p><label> Oggetto<br \/>\n<span class=\"wpcf7-form-control-wrap\" data-name=\"your-subject\"><input size=\"40\" maxlength=\"400\" class=\"wpcf7-form-control wpcf7-text wpcf7-validates-as-required\" aria-required=\"true\" aria-invalid=\"false\" value=\"\" type=\"text\" name=\"your-subject\" \/><\/span> <\/label>\n<\/p>\n<p><label> Il tuo messaggio (facoltativo)<br \/>\n<span class=\"wpcf7-form-control-wrap\" data-name=\"your-message\"><textarea cols=\"40\" rows=\"10\" maxlength=\"2000\" class=\"wpcf7-form-control wpcf7-textarea\" aria-invalid=\"false\" name=\"your-message\"><\/textarea><\/span> <\/label><br \/>\n<span class=\"wpcf7-form-control-wrap\" data-name=\"acceptance-940\"><span class=\"wpcf7-form-control wpcf7-acceptance\"><span class=\"wpcf7-list-item\"><label><input type=\"checkbox\" name=\"acceptance-940\" value=\"1\" aria-invalid=\"false\" \/><span class=\"wpcf7-list-item-label\">Dichiaro di aver preso visione dell\u2019Informativa privacy e acconsento al trattamento dei dati per eseguire la richiesta.<\/span><\/label><\/span><\/span><\/span>\n<\/p>\n<p><input class=\"wpcf7-form-control wpcf7-submit has-spinner\" type=\"submit\" value=\"Invia\" \/>\n<\/p><div class=\"wpcf7-response-output\" aria-hidden=\"true\"><\/div>\n<\/form>\n<\/div>\n<\/div>\n<\/div>\n<\/div>\n\n\n\n<p><\/p>\n","protected":false},"excerpt":{"rendered":"<p>I nuovi saponi Laurac\u00e8 Un gesto quotidiano, un atto di cura verso te e l\u2019ambiente. La cura di s\u00e9 pu\u00f2 essere semplice, profumata e sostenibile. I nuovi saponi solidi Laurac\u00e8 nascono per trasformare la tua routine quotidiana in un momento di benessere naturale: formule delicate, profumazioni ispirate alla natura, packaging senza plastica.Un modo diverso di&#8230;<\/p>\n","protected":false},"author":2,"featured_media":0,"parent":0,"menu_order":0,"comment_status":"closed","ping_status":"closed","template":"","meta":{"_kad_post_transparent":"","_kad_post_title":"","_kad_post_layout":"","_kad_post_sidebar_id":"","_kad_post_content_style":"","_kad_post_vertical_padding":"","_kad_post_feature":"","_kad_post_feature_position":"","_kad_post_header":false,"_kad_post_footer":false,"_kad_post_classname":"","footnotes":""},"class_list":["post-8","page","type-page","status-publish","hentry"],"_links":{"self":[{"href":"https:\/\/laurace.it\/index.php\/wp-json\/wp\/v2\/pages\/8","targetHints":{"allow":["GET"]}}],"collection":[{"href":"https:\/\/laurace.it\/index.php\/wp-json\/wp\/v2\/pages"}],"about":[{"href":"https:\/\/laurace.it\/index.php\/wp-json\/wp\/v2\/types\/page"}],"author":[{"embeddable":true,"href":"https:\/\/laurace.it\/index.php\/wp-json\/wp\/v2\/users\/2"}],"replies":[{"embeddable":true,"href":"https:\/\/laurace.it\/index.php\/wp-json\/wp\/v2\/comments?post=8"}],"version-history":[{"count":57,"href":"https:\/\/laurace.it\/index.php\/wp-json\/wp\/v2\/pages\/8\/revisions"}],"predecessor-version":[{"id":141,"href":"https:\/\/laurace.it\/index.php\/wp-json\/wp\/v2\/pages\/8\/revisions\/141"}],"wp:attachment":[{"href":"https:\/\/laurace.it\/index.php\/wp-json\/wp\/v2\/media?parent=8"}],"curies":[{"name":"wp","href":"https:\/\/api.w.org\/{rel}","templated":true}]}}